{"id":17,"date":"2016-08-10T16:20:56","date_gmt":"2016-08-10T20:20:56","guid":{"rendered":"http:\/\/szx.diz.mybluehost.me\/\/?page_id=17"},"modified":"2018-01-03T17:11:03","modified_gmt":"2018-01-03T22:11:03","slug":"contact","status":"publish","type":"page","link":"https:\/\/eventsbyhelena.com\/fr\/contact\/","title":{"rendered":"Contact"},"content":{"rendered":"<div class=\"wpb-content-wrapper\"><p>[vc_row type=&#8221;fluid-without-padding&#8221; el_id=&#8221;top-banner&#8221; css=&#8221;.vc_custom_1455630662997{margin-bottom: 0px !important;}&#8221;][vc_column]<section id='main-slider' class=' fixed-height' style='height:500px' ><div class='slide-title-outter-wrapper'><div class='slide-title-inner-wrapper'><div class='slide-title align-bottom '><div class='container'><div class='row text-center'><div class='col-md-offset-3 col-md-6'><div style='margin: 0 0 80px 0'><h1 class='animation none none'>Contactez Nous<\/h1><\/div><\/div><\/div><\/div><\/div><\/div><\/div><div class='slides'><div  class='slide-image' style='background-image:url(https:\/\/eventsbyhelena.com\/wp-content\/uploads\/2016\/08\/1-3.jpg);background-position:50% 50%'><\/div><div class='slide-overlay' style='background-color:#000000;opacity:0.2'> <\/div><\/div><\/section>[\/vc_column][\/vc_row][vc_row el_id=&#8221;intro&#8221; css=&#8221;.vc_custom_1514491928976{padding-top: 50px !important;}&#8221;][vc_column width=&#8221;1\/4&#8243;][\/vc_column][vc_column width=&#8221;1\/2&#8243;][vc_column_text]<\/p>\n<p style=\"text-align: center;\"><span style=\"font-weight: 400;\">Pour toute votre question, n&#8217;h\u00e9sitez pas \u00e0 laisser votre adresse de courriel et votre message dans la case ci-dessous ou \u00e0 appeler nos bureaux de Montr\u00e9al ou de Toronto pour r\u00e9server une consultation gratuite.<\/span><\/p>\n<p style=\"text-align: center;\"><span style=\"font-weight: 400;\">Pour nous regarder en action, suivez-nous via <a href=\"https:\/\/www.facebook.com\/eventsbyhelena\" target=\"_blank\">Facebook<\/a> et <a href=\"https:\/\/www.instagram.com\/eventsbyhelena\/\" target=\"_blank\">Instagram<\/a> pour voir comment nous organise et bedazzle notre chemin \u00e0 travers la semaine.<\/span><\/p>\n<p style=\"text-align: center;\">Bureau de Montr\u00e9al: <a href=\"tel:514-865-7302\" target=\"_blank\">514-865-7302<\/a><br \/>\nBureau de Toronto: <a href=\"tel:416-419-7786\" target=\"_blank\">416-419-7786<\/a><\/p>\n<p>[\/vc_column_text][\/vc_column][vc_column width=&#8221;1\/4&#8243;][\/vc_column][vc_column el_class=&#8221;text-center&#8221;]<a href='https:\/\/www.facebook.com\/eventsbyhelena'><div class='de-icon circle medium-size outline inline'><i class='de-icon-facebook'><\/i><\/div><\/a><a href='https:\/\/www.instagram.com\/eventsbyhelena\/'><div class='de-icon circle medium-size outline inline'><i class='de-icon-instagram'><\/i><\/div><\/a>[vc_empty_space][\/vc_column][\/vc_row][vc_row][vc_column width=&#8221;1\/4&#8243;][\/vc_column][vc_column width=&#8221;1\/2&#8243;]\n<div class=\"wpcf7 no-js\" id=\"wpcf7-f1121-o2\" lang=\"en-CA\" dir=\"ltr\">\n<div class=\"screen-reader-response\"><p role=\"status\" aria-live=\"polite\" aria-atomic=\"true\"><\/p> <ul><\/ul><\/div>\n<form action=\"\/fr\/wp-json\/wp\/v2\/pages\/17#wpcf7-f1121-o2\" method=\"post\" class=\"wpcf7-form init\" aria-label=\"Contact form\" novalidate=\"novalidate\" data-status=\"init\">\n<div style=\"display: none;\">\n<input type=\"hidden\" name=\"_wpcf7\" value=\"1121\" \/>\n<input type=\"hidden\" name=\"_wpcf7_version\" value=\"5.9.5\" \/>\n<input type=\"hidden\" name=\"_wpcf7_locale\" value=\"en_CA\" \/>\n<input type=\"hidden\" name=\"_wpcf7_unit_tag\" value=\"wpcf7-f1121-o2\" \/>\n<input type=\"hidden\" name=\"_wpcf7_container_post\" value=\"0\" \/>\n<input type=\"hidden\" name=\"_wpcf7_posted_data_hash\" value=\"\" \/>\n<input type=\"hidden\" name=\"_wpcf7cf_hidden_group_fields\" value=\"[]\" \/>\n<input type=\"hidden\" name=\"_wpcf7cf_hidden_groups\" value=\"[]\" \/>\n<input type=\"hidden\" name=\"_wpcf7cf_visible_groups\" value=\"[]\" \/>\n<input type=\"hidden\" name=\"_wpcf7cf_repeaters\" value=\"[]\" \/>\n<input type=\"hidden\" name=\"_wpcf7cf_steps\" value=\"{}\" \/>\n<input type=\"hidden\" name=\"_wpcf7cf_options\" value=\"{&quot;form_id&quot;:1121,&quot;conditions&quot;:[],&quot;settings&quot;:{&quot;animation&quot;:&quot;yes&quot;,&quot;animation_intime&quot;:200,&quot;animation_outtime&quot;:200,&quot;conditions_ui&quot;:&quot;normal&quot;,&quot;notice_dismissed&quot;:false}}\" \/>\n<\/div>\n<p><label> Votre nom (Obligatoire)<br \/>\n<span class=\"wpcf7-form-control-wrap\" data-name=\"your-name\"><input size=\"40\" class=\"wpcf7-form-control wpcf7-text wpcf7-validates-as-required\" aria-required=\"true\" aria-invalid=\"false\" value=\"\" type=\"text\" name=\"your-name\" \/><\/span> <\/label>\n<\/p>\n<p><label> Votre courriel (Obligatoire)<br \/>\n<span class=\"wpcf7-form-control-wrap\" data-name=\"your-email\"><input size=\"40\" class=\"wpcf7-form-control wpcf7-email wpcf7-validates-as-required wpcf7-text wpcf7-validates-as-email\" aria-required=\"true\" aria-invalid=\"false\" value=\"\" type=\"email\" name=\"your-email\" \/><\/span> <\/label>\n<\/p>\n<p><label> Sujet<br \/>\n<span class=\"wpcf7-form-control-wrap\" data-name=\"your-subject\"><input size=\"40\" class=\"wpcf7-form-control wpcf7-text\" aria-invalid=\"false\" value=\"\" type=\"text\" name=\"your-subject\" \/><\/span> <\/label>\n<\/p>\n<p><label> Votre Message<br \/>\n<span class=\"wpcf7-form-control-wrap\" data-name=\"your-message\"><textarea cols=\"40\" rows=\"10\" class=\"wpcf7-form-control wpcf7-textarea\" aria-invalid=\"false\" name=\"your-message\"><\/textarea><\/span> <\/label>\n<\/p>\n<p><input class=\"wpcf7-form-control wpcf7-submit has-spinner\" type=\"submit\" value=\"Send\" \/>\n<\/p><div class=\"wpcf7-response-output\" aria-hidden=\"true\"><\/div>\n<\/form>\n<\/div>\n[\/vc_column][vc_column width=&#8221;1\/4&#8243;][\/vc_column][\/vc_row]<\/p>\n<\/div>","protected":false},"excerpt":{"rendered":"<p>[vc_row type=&#8221;fluid-without-padding&#8221; el_id=&#8221;top-banner&#8221; css=&#8221;.vc_custom_1455630662997{margin-bottom: 0px !important;}&#8221;][vc_column][\/vc_column][\/vc_row][vc_row el_id=&#8221;intro&#8221; css=&#8221;.vc_custom_1514491928976{padding-top: 50px !important;}&#8221;][vc_column width=&#8221;1\/4&#8243;][\/vc_column][vc_column width=&#8221;1\/2&#8243;][vc_column_text] Pour toute votre question, n&#8217;h\u00e9sitez pas \u00e0 laisser votre adresse de courriel et votre message dans la case ci-dessous ou \u00e0 appeler nos bureaux de Montr\u00e9al ou de Toronto pour r\u00e9server une consultation gratuite. Pour nous regarder en action, suivez-nous via Facebook et [&hellip;]<\/p>\n","protected":false},"author":3,"featured_media":0,"parent":0,"menu_order":0,"comment_status":"closed","ping_status":"closed","template":"","meta":{"footnotes":""},"class_list":["post-17","page","type-page","status-publish","hentry"],"yoast_head":"<!-- This site is optimized with the Yoast SEO plugin v24.2 - https:\/\/yoast.com\/wordpress\/plugins\/seo\/ -->\n<title>Contact | Weddings and Honeymoons by Helena<\/title>\n<meta name=\"description\" content=\"For inquiries, feel free to leave your email address and message in the box below or to call our Montreal or Toronto offices to book a free consultation.\" \/>\n<meta name=\"robots\" content=\"index, follow, max-snippet:-1, max-image-preview:large, max-video-preview:-1\" \/>\n<link rel=\"canonical\" href=\"https:\/\/eventsbyhelena.com\/contact\/\" \/>\n<meta property=\"og:locale\" content=\"fr_FR\" \/>\n<meta property=\"og:type\" content=\"article\" \/>\n<meta property=\"og:title\" content=\"Contact | Weddings and Honeymoons by Helena\" \/>\n<meta property=\"og:description\" content=\"For inquiries, feel free to leave your email address and message in the box below or to call our Montreal or Toronto offices to book a free consultation.\" \/>\n<meta property=\"og:url\" content=\"https:\/\/eventsbyhelena.com\/contact\/\" \/>\n<meta property=\"og:site_name\" content=\"Events by Helena - Weddings and Honeymoons\" \/>\n<meta property=\"article:modified_time\" content=\"2018-01-03T22:11:03+00:00\" \/>\n<meta name=\"twitter:card\" content=\"summary_large_image\" \/>\n<meta name=\"twitter:label1\" content=\"Dur\u00e9e de lecture estim\u00e9e\" \/>\n\t<meta name=\"twitter:data1\" content=\"3 minutes\" \/>\n<script type=\"application\/ld+json\" class=\"yoast-schema-graph\">{\"@context\":\"https:\/\/schema.org\",\"@graph\":[{\"@type\":\"WebPage\",\"@id\":\"https:\/\/eventsbyhelena.com\/contact\/\",\"url\":\"https:\/\/eventsbyhelena.com\/contact\/\",\"name\":\"Contact | Weddings and Honeymoons by Helena\",\"isPartOf\":{\"@id\":\"https:\/\/eventsbyhelena.com\/#website\"},\"datePublished\":\"2016-08-10T20:20:56+00:00\",\"dateModified\":\"2018-01-03T22:11:03+00:00\",\"description\":\"For inquiries, feel free to leave your email address and message in the box below or to call our Montreal or Toronto offices to book a free consultation.\",\"breadcrumb\":{\"@id\":\"https:\/\/eventsbyhelena.com\/contact\/#breadcrumb\"},\"inLanguage\":\"fr-FR\",\"potentialAction\":[{\"@type\":\"ReadAction\",\"target\":[\"https:\/\/eventsbyhelena.com\/contact\/\"]}]},{\"@type\":\"BreadcrumbList\",\"@id\":\"https:\/\/eventsbyhelena.com\/contact\/#breadcrumb\",\"itemListElement\":[{\"@type\":\"ListItem\",\"position\":1,\"name\":\"Home\",\"item\":\"https:\/\/eventsbyhelena.com\/\"},{\"@type\":\"ListItem\",\"position\":2,\"name\":\"Contact\"}]},{\"@type\":\"WebSite\",\"@id\":\"https:\/\/eventsbyhelena.com\/#website\",\"url\":\"https:\/\/eventsbyhelena.com\/\",\"name\":\"Events by Helena - Weddings and Honeymoons\",\"description\":\"\",\"potentialAction\":[{\"@type\":\"SearchAction\",\"target\":{\"@type\":\"EntryPoint\",\"urlTemplate\":\"https:\/\/eventsbyhelena.com\/?s={search_term_string}\"},\"query-input\":{\"@type\":\"PropertyValueSpecification\",\"valueRequired\":true,\"valueName\":\"search_term_string\"}}],\"inLanguage\":\"fr-FR\"}]}<\/script>\n<!-- \/ Yoast SEO plugin. -->","yoast_head_json":{"title":"Contact | Weddings and Honeymoons by Helena","description":"For inquiries, feel free to leave your email address and message in the box below or to call our Montreal or Toronto offices to book a free consultation.","robots":{"index":"index","follow":"follow","max-snippet":"max-snippet:-1","max-image-preview":"max-image-preview:large","max-video-preview":"max-video-preview:-1"},"canonical":"https:\/\/eventsbyhelena.com\/contact\/","og_locale":"fr_FR","og_type":"article","og_title":"Contact | Weddings and Honeymoons by Helena","og_description":"For inquiries, feel free to leave your email address and message in the box below or to call our Montreal or Toronto offices to book a free consultation.","og_url":"https:\/\/eventsbyhelena.com\/contact\/","og_site_name":"Events by Helena - Weddings and Honeymoons","article_modified_time":"2018-01-03T22:11:03+00:00","twitter_card":"summary_large_image","twitter_misc":{"Dur\u00e9e de lecture estim\u00e9e":"3 minutes"},"schema":{"@context":"https:\/\/schema.org","@graph":[{"@type":"WebPage","@id":"https:\/\/eventsbyhelena.com\/contact\/","url":"https:\/\/eventsbyhelena.com\/contact\/","name":"Contact | Weddings and Honeymoons by Helena","isPartOf":{"@id":"https:\/\/eventsbyhelena.com\/#website"},"datePublished":"2016-08-10T20:20:56+00:00","dateModified":"2018-01-03T22:11:03+00:00","description":"For inquiries, feel free to leave your email address and message in the box below or to call our Montreal or Toronto offices to book a free consultation.","breadcrumb":{"@id":"https:\/\/eventsbyhelena.com\/contact\/#breadcrumb"},"inLanguage":"fr-FR","potentialAction":[{"@type":"ReadAction","target":["https:\/\/eventsbyhelena.com\/contact\/"]}]},{"@type":"BreadcrumbList","@id":"https:\/\/eventsbyhelena.com\/contact\/#breadcrumb","itemListElement":[{"@type":"ListItem","position":1,"name":"Home","item":"https:\/\/eventsbyhelena.com\/"},{"@type":"ListItem","position":2,"name":"Contact"}]},{"@type":"WebSite","@id":"https:\/\/eventsbyhelena.com\/#website","url":"https:\/\/eventsbyhelena.com\/","name":"Events by Helena - Weddings and Honeymoons","description":"","potentialAction":[{"@type":"SearchAction","target":{"@type":"EntryPoint","urlTemplate":"https:\/\/eventsbyhelena.com\/?s={search_term_string}"},"query-input":{"@type":"PropertyValueSpecification","valueRequired":true,"valueName":"search_term_string"}}],"inLanguage":"fr-FR"}]}},"_links":{"self":[{"href":"https:\/\/eventsbyhelena.com\/fr\/wp-json\/wp\/v2\/pages\/17","targetHints":{"allow":["GET"]}}],"collection":[{"href":"https:\/\/eventsbyhelena.com\/fr\/wp-json\/wp\/v2\/pages"}],"about":[{"href":"https:\/\/eventsbyhelena.com\/fr\/wp-json\/wp\/v2\/types\/page"}],"author":[{"embeddable":true,"href":"https:\/\/eventsbyhelena.com\/fr\/wp-json\/wp\/v2\/users\/3"}],"replies":[{"embeddable":true,"href":"https:\/\/eventsbyhelena.com\/fr\/wp-json\/wp\/v2\/comments?post=17"}],"version-history":[{"count":6,"href":"https:\/\/eventsbyhelena.com\/fr\/wp-json\/wp\/v2\/pages\/17\/revisions"}],"predecessor-version":[{"id":1311,"href":"https:\/\/eventsbyhelena.com\/fr\/wp-json\/wp\/v2\/pages\/17\/revisions\/1311"}],"wp:attachment":[{"href":"https:\/\/eventsbyhelena.com\/fr\/wp-json\/wp\/v2\/media?parent=17"}],"curies":[{"name":"wp","href":"https:\/\/api.w.org\/{rel}","templated":true}]}}