{"id":174,"date":"2016-02-16T13:59:38","date_gmt":"2016-02-16T18:59:38","guid":{"rendered":"http:\/\/demo.dethemes.com\/wp-forever\/?page_id=174"},"modified":"2018-01-31T09:56:26","modified_gmt":"2018-01-31T14:56:26","slug":"about","status":"publish","type":"page","link":"https:\/\/eventsbyhelena.com\/fr\/about\/","title":{"rendered":"\u00c0 Propos"},"content":{"rendered":"<div class=\"wpb-content-wrapper\"><p>[vc_row type=&#8221;fluid-without-padding&#8221; el_id=&#8221;top-banner&#8221; css=&#8221;.vc_custom_1455630662997{margin-bottom: 0px !important;}&#8221;][vc_column]<section id='main-slider' class=' fixed-height' style='height:500px' ><div class='slide-title-outter-wrapper'><div class='slide-title-inner-wrapper'><div class='slide-title align-bottom '><div class='container'><div class='row text-center'><div class='col-md-offset-3 col-md-6'><div style='margin: 0 0 80px 0'><h1 class='animation none none'>\u00c0 Propos<\/h1><\/div><\/div><\/div><\/div><\/div><\/div><\/div><div class='slides'><div  class='slide-image' style='background-image:url(https:\/\/eventsbyhelena.com\/wp-content\/uploads\/2016\/02\/3.png);background-position:50% 50%'><\/div><div class='slide-overlay' style='background-color:#000000;opacity:0.2'> <\/div><\/div><\/section>[\/vc_column][\/vc_row][vc_row type=&#8221;container&#8221; el_id=&#8221;social-icon&#8221; el_class=&#8221;banner-page&#8221; css=&#8221;.vc_custom_1455630735802{margin-bottom: 0px !important;}&#8221;][vc_column el_class=&#8221;text-center&#8221;]<a href='https:\/\/www.facebook.com\/eventsbyhelena'><div class='de-icon circle medium-size outline inline'><i class='de-icon-facebook'><\/i><\/div><\/a><a href='https:\/\/www.instagram.com\/eventsbyhelena\/'><div class='de-icon circle medium-size outline inline'><i class='de-icon-instagram'><\/i><\/div><\/a>[\/vc_column][\/vc_row][vc_row][vc_column][vc_empty_space height=&#8221;10px&#8221;][\/vc_column][\/vc_row][vc_row type=&#8221;container&#8221; el_id=&#8221;about&#8221;][vc_column offset=&#8221;vc_col-lg-offset-1 vc_col-lg-10 vc_col-md-offset-1 vc_col-md-10&#8243;][vc_row_inner][vc_column_inner][vc_column_text]Apr\u00e8s avoir re\u00e7u ses certifications de voyage, Helena a &#8220;mari\u00e9&#8221; son amour de voyage, nourriture et planification d&#8217;\u00e9v\u00e9nement pour former Weddings &amp; Honeymoons by Helena! Vingt-cinq ans plus tard, elle essaie toujours de donner des mariages qui ne sont rient de moins que spectaculaire. Gr\u00e2ce \u00e0 ses vastes voyages, elle est en mesure de vous offrir les endroits les plus merveilleux afin que vous puissiez \u00e9galement avoir votre lune de miel de r\u00eave.[\/vc_column_text][vc_empty_space height=&#8221;1px&#8221;][vc_column_text]C&#8217;est son but de s&#8217;assurer que tous les r\u00eaves des couples sont compl\u00e8tement mat\u00e9rialis\u00e9s. En tant que telle, chaque \u00e9tape du processus de planification implique son attention inlassable au d\u00e9tail et d\u00e9vouement, laissant tous les invit\u00e9s dans la crainte. Il n&#8217;est pas surprenant que Weddings &amp; Honeymoons by Helena a r\u00e9colt\u00e9 une client\u00e8le toujours croissante, mettant la compagnie dans une classe de sa propre.<\/p>\n<p>De magnifiques plages des Cara\u00efbes aux \u00e9l\u00e9gantes r\u00e9ceptions de jardin ou aux environnements urbains chic, Helena adapte les destinations et d\u00e9corations les plus magiques aux pr\u00e9f\u00e9rences des couples.[\/vc_column_text][vc_empty_space height=&#8221;1px&#8221;][\/vc_column_inner][\/vc_row_inner][\/vc_column][\/vc_row][vc_row][vc_column][vc_empty_space height=&#8221;60px&#8221;][\/vc_column][\/vc_row][vc_row type=&#8221;fluid-without-padding&#8221; el_id=&#8221;footer&#8221; css=&#8221;.vc_custom_1471370113765{margin-bottom: 0px !important;background-color: #9ad1ed !important;}&#8221;][vc_column][\/vc_column][\/vc_row]<\/p>\n<\/div>","protected":false},"excerpt":{"rendered":"<p>[vc_row type=&#8221;fluid-without-padding&#8221; el_id=&#8221;top-banner&#8221; css=&#8221;.vc_custom_1455630662997{margin-bottom: 0px !important;}&#8221;][vc_column][\/vc_column][\/vc_row][vc_row type=&#8221;container&#8221; el_id=&#8221;social-icon&#8221; el_class=&#8221;banner-page&#8221; css=&#8221;.vc_custom_1455630735802{margin-bottom: 0px !important;}&#8221;][vc_column el_class=&#8221;text-center&#8221;][\/vc_column][\/vc_row][vc_row][vc_column][vc_empty_space height=&#8221;10px&#8221;][\/vc_column][\/vc_row][vc_row type=&#8221;container&#8221; el_id=&#8221;about&#8221;][vc_column offset=&#8221;vc_col-lg-offset-1 vc_col-lg-10 vc_col-md-offset-1 vc_col-md-10&#8243;][vc_row_inner][vc_column_inner][vc_column_text]Apr\u00e8s avoir re\u00e7u ses certifications de voyage, Helena a &#8220;mari\u00e9&#8221; son amour de voyage, nourriture et planification d&#8217;\u00e9v\u00e9nement pour former Weddings &amp; Honeymoons by Helena! Vingt-cinq ans plus tard, elle essaie toujours de donner des mariages [&hellip;]<\/p>\n","protected":false},"author":3,"featured_media":0,"parent":0,"menu_order":0,"comment_status":"closed","ping_status":"closed","template":"","meta":{"footnotes":""},"class_list":["post-174","page","type-page","status-publish","hentry"],"yoast_head":"<!-- This site is optimized with the Yoast SEO plugin v24.2 - https:\/\/yoast.com\/wordpress\/plugins\/seo\/ -->\n<title>About | Weddings and Honeymoons by Helena<\/title>\n<meta name=\"description\" content=\"With over 25 years of experience on Wedding and Honeymoon planning, Events by Helena is the bridge between the couple and their venues and destinations.\" \/>\n<meta name=\"robots\" content=\"index, follow, max-snippet:-1, max-image-preview:large, max-video-preview:-1\" \/>\n<link rel=\"canonical\" href=\"https:\/\/eventsbyhelena.com\/about\/\" \/>\n<meta property=\"og:locale\" content=\"fr_FR\" \/>\n<meta property=\"og:type\" content=\"article\" \/>\n<meta property=\"og:title\" content=\"About | Weddings and Honeymoons by Helena\" \/>\n<meta property=\"og:description\" content=\"With over 25 years of experience on Wedding and Honeymoon planning, Events by Helena is the bridge between the couple and their venues and destinations.\" \/>\n<meta property=\"og:url\" content=\"https:\/\/eventsbyhelena.com\/about\/\" \/>\n<meta property=\"og:site_name\" content=\"Events by Helena - Weddings and Honeymoons\" \/>\n<meta property=\"article:modified_time\" content=\"2018-01-31T14:56:26+00:00\" \/>\n<meta name=\"twitter:card\" content=\"summary_large_image\" \/>\n<meta name=\"twitter:label1\" content=\"Dur\u00e9e de lecture estim\u00e9e\" \/>\n\t<meta name=\"twitter:data1\" content=\"5 minutes\" \/>\n<script type=\"application\/ld+json\" class=\"yoast-schema-graph\">{\"@context\":\"https:\/\/schema.org\",\"@graph\":[{\"@type\":\"WebPage\",\"@id\":\"https:\/\/eventsbyhelena.com\/about\/\",\"url\":\"https:\/\/eventsbyhelena.com\/about\/\",\"name\":\"About | Weddings and Honeymoons by Helena\",\"isPartOf\":{\"@id\":\"https:\/\/eventsbyhelena.com\/#website\"},\"datePublished\":\"2016-02-16T18:59:38+00:00\",\"dateModified\":\"2018-01-31T14:56:26+00:00\",\"description\":\"With over 25 years of experience on Wedding and Honeymoon planning, Events by Helena is the bridge between the couple and their venues and destinations.\",\"breadcrumb\":{\"@id\":\"https:\/\/eventsbyhelena.com\/about\/#breadcrumb\"},\"inLanguage\":\"fr-FR\",\"potentialAction\":[{\"@type\":\"ReadAction\",\"target\":[\"https:\/\/eventsbyhelena.com\/about\/\"]}]},{\"@type\":\"BreadcrumbList\",\"@id\":\"https:\/\/eventsbyhelena.com\/about\/#breadcrumb\",\"itemListElement\":[{\"@type\":\"ListItem\",\"position\":1,\"name\":\"Home\",\"item\":\"https:\/\/eventsbyhelena.com\/\"},{\"@type\":\"ListItem\",\"position\":2,\"name\":\"About\"}]},{\"@type\":\"WebSite\",\"@id\":\"https:\/\/eventsbyhelena.com\/#website\",\"url\":\"https:\/\/eventsbyhelena.com\/\",\"name\":\"Events by Helena - Weddings and Honeymoons\",\"description\":\"\",\"potentialAction\":[{\"@type\":\"SearchAction\",\"target\":{\"@type\":\"EntryPoint\",\"urlTemplate\":\"https:\/\/eventsbyhelena.com\/?s={search_term_string}\"},\"query-input\":{\"@type\":\"PropertyValueSpecification\",\"valueRequired\":true,\"valueName\":\"search_term_string\"}}],\"inLanguage\":\"fr-FR\"}]}<\/script>\n<!-- \/ Yoast SEO plugin. -->","yoast_head_json":{"title":"About | Weddings and Honeymoons by Helena","description":"With over 25 years of experience on Wedding and Honeymoon planning, Events by Helena is the bridge between the couple and their venues and destinations.","robots":{"index":"index","follow":"follow","max-snippet":"max-snippet:-1","max-image-preview":"max-image-preview:large","max-video-preview":"max-video-preview:-1"},"canonical":"https:\/\/eventsbyhelena.com\/about\/","og_locale":"fr_FR","og_type":"article","og_title":"About | Weddings and Honeymoons by Helena","og_description":"With over 25 years of experience on Wedding and Honeymoon planning, Events by Helena is the bridge between the couple and their venues and destinations.","og_url":"https:\/\/eventsbyhelena.com\/about\/","og_site_name":"Events by Helena - Weddings and Honeymoons","article_modified_time":"2018-01-31T14:56:26+00:00","twitter_card":"summary_large_image","twitter_misc":{"Dur\u00e9e de lecture estim\u00e9e":"5 minutes"},"schema":{"@context":"https:\/\/schema.org","@graph":[{"@type":"WebPage","@id":"https:\/\/eventsbyhelena.com\/about\/","url":"https:\/\/eventsbyhelena.com\/about\/","name":"About | Weddings and Honeymoons by Helena","isPartOf":{"@id":"https:\/\/eventsbyhelena.com\/#website"},"datePublished":"2016-02-16T18:59:38+00:00","dateModified":"2018-01-31T14:56:26+00:00","description":"With over 25 years of experience on Wedding and Honeymoon planning, Events by Helena is the bridge between the couple and their venues and destinations.","breadcrumb":{"@id":"https:\/\/eventsbyhelena.com\/about\/#breadcrumb"},"inLanguage":"fr-FR","potentialAction":[{"@type":"ReadAction","target":["https:\/\/eventsbyhelena.com\/about\/"]}]},{"@type":"BreadcrumbList","@id":"https:\/\/eventsbyhelena.com\/about\/#breadcrumb","itemListElement":[{"@type":"ListItem","position":1,"name":"Home","item":"https:\/\/eventsbyhelena.com\/"},{"@type":"ListItem","position":2,"name":"About"}]},{"@type":"WebSite","@id":"https:\/\/eventsbyhelena.com\/#website","url":"https:\/\/eventsbyhelena.com\/","name":"Events by Helena - Weddings and Honeymoons","description":"","potentialAction":[{"@type":"SearchAction","target":{"@type":"EntryPoint","urlTemplate":"https:\/\/eventsbyhelena.com\/?s={search_term_string}"},"query-input":{"@type":"PropertyValueSpecification","valueRequired":true,"valueName":"search_term_string"}}],"inLanguage":"fr-FR"}]}},"_links":{"self":[{"href":"https:\/\/eventsbyhelena.com\/fr\/wp-json\/wp\/v2\/pages\/174","targetHints":{"allow":["GET"]}}],"collection":[{"href":"https:\/\/eventsbyhelena.com\/fr\/wp-json\/wp\/v2\/pages"}],"about":[{"href":"https:\/\/eventsbyhelena.com\/fr\/wp-json\/wp\/v2\/types\/page"}],"author":[{"embeddable":true,"href":"https:\/\/eventsbyhelena.com\/fr\/wp-json\/wp\/v2\/users\/3"}],"replies":[{"embeddable":true,"href":"https:\/\/eventsbyhelena.com\/fr\/wp-json\/wp\/v2\/comments?post=174"}],"version-history":[{"count":6,"href":"https:\/\/eventsbyhelena.com\/fr\/wp-json\/wp\/v2\/pages\/174\/revisions"}],"predecessor-version":[{"id":1318,"href":"https:\/\/eventsbyhelena.com\/fr\/wp-json\/wp\/v2\/pages\/174\/revisions\/1318"}],"wp:attachment":[{"href":"https:\/\/eventsbyhelena.com\/fr\/wp-json\/wp\/v2\/media?parent=174"}],"curies":[{"name":"wp","href":"https:\/\/api.w.org\/{rel}","templated":true}]}}