{"id":7,"date":"2016-08-10T16:19:49","date_gmt":"2016-08-10T20:19:49","guid":{"rendered":"http:\/\/szx.diz.mybluehost.me\/\/?page_id=7"},"modified":"2019-12-04T21:22:03","modified_gmt":"2019-12-05T02:22:03","slug":"services","status":"publish","type":"page","link":"https:\/\/eventsbyhelena.com\/fr\/services\/","title":{"rendered":"Services"},"content":{"rendered":"<div class=\"wpb-content-wrapper\"><p>[vc_row type=&#8221;fluid-without-padding&#8221; el_id=&#8221;top-banner&#8221; css=&#8221;.vc_custom_1455630662997{margin-bottom: 0px !important;}&#8221;][vc_column]<section id='main-slider' class=' fixed-height' style='height:500px' ><div class='slide-title-outter-wrapper'><div class='slide-title-inner-wrapper'><div class='slide-title align-bottom '><div class='container'><div class='row text-center'><div class='col-md-offset-3 col-md-6'><div style='margin: 0 0 80px 0'><h1 class='animation none none'>SERVICES ET SP\u00c9CIALIT\u00c9S<\/h1><\/div><\/div><\/div><\/div><\/div><\/div><\/div><div class='slides'><div  class='slide-image' style='background-image:url(https:\/\/eventsbyhelena.com\/wp-content\/uploads\/2016\/02\/parallax-image-1.jpg);background-position:50% 50%'><\/div><div class='slide-overlay' style='background-color:#000000;opacity:0.2'> <\/div><\/div><\/section>[\/vc_column][\/vc_row][vc_row type=&#8221;container&#8221; el_id=&#8221;about&#8221; css=&#8221;.vc_custom_1514495641755{padding-top: 50px !important;}&#8221;][vc_column offset=&#8221;vc_col-lg-offset-1 vc_col-lg-10 vc_col-md-offset-1 vc_col-md-10&#8243;][vc_row_inner][vc_column_inner][vc_column_text]<\/p>\n<p style=\"text-align: center;\">De cueillir les gypsophiles \u00e0 partir de seize arrangements floraux une heure avant la r\u00e9ception de farcir un cochon dans une vache et de la r\u00f4tir dans le sol pendant vingt-quatre heures au style luau, il ya peu de choses que nous n&#8217;avons pas fait pour s&#8217;assurer que les traditions et les go\u00fbts des mari\u00e9s sont respect\u00e9es.<\/p>\n<p style=\"text-align: center;\">Les services comprennent:<\/p>\n<ul>\n<li>Consultation gratuite (sur rendez-vous seulement).<\/li>\n<li>Estimation des prix.<\/li>\n<li>Th\u00e8me personnalis\u00e9.<\/li>\n<li>Destination et s\u00e9lection des lieux.<\/li>\n<li>Planification des menus (r\u00e9ception, d\u00eener de r\u00e9p\u00e9tition et brunch du matin).<\/li>\n<li>Arrangements floraux.<\/li>\n<li>Liste d&#8217;invit\u00e9s et invitations.<\/li>\n<li>Transport.<\/li>\n<li>Musique.<\/li>\n<li>La disposition des si\u00e8ges.<\/li>\n<li>C\u00e9r\u00e9monie de r\u00e9ception et d\u00e9coration de la r\u00e9ception (au moins un mois avant l&#8217;\u00e9v\u00e9nement)<\/li>\n<li>Planification de lune de miel.<\/li>\n<\/ul>\n<p>[\/vc_column_text][\/vc_column_inner][\/vc_row_inner][\/vc_column][\/vc_row]<\/p>\n<\/div>","protected":false},"excerpt":{"rendered":"<p>[vc_row type=&#8221;fluid-without-padding&#8221; el_id=&#8221;top-banner&#8221; css=&#8221;.vc_custom_1455630662997{margin-bottom: 0px !important;}&#8221;][vc_column][\/vc_column][\/vc_row][vc_row type=&#8221;container&#8221; el_id=&#8221;about&#8221; css=&#8221;.vc_custom_1514495641755{padding-top: 50px !important;}&#8221;][vc_column offset=&#8221;vc_col-lg-offset-1 vc_col-lg-10 vc_col-md-offset-1 vc_col-md-10&#8243;][vc_row_inner][vc_column_inner][vc_column_text] De cueillir les gypsophiles \u00e0 partir de seize arrangements floraux une heure avant la r\u00e9ception de farcir un cochon dans une vache et de la r\u00f4tir dans le sol pendant vingt-quatre heures au style luau, il ya peu de choses [&hellip;]<\/p>\n","protected":false},"author":3,"featured_media":0,"parent":0,"menu_order":0,"comment_status":"closed","ping_status":"closed","template":"","meta":{"footnotes":""},"class_list":["post-7","page","type-page","status-publish","hentry"],"yoast_head":"<!-- This site is optimized with the Yoast SEO plugin v24.2 - https:\/\/yoast.com\/wordpress\/plugins\/seo\/ -->\n<title>Services | Weddings and Honeymoons by Helena<\/title>\n<meta name=\"description\" content=\"Weddings and Honeymoons by Helena will go the extra mile to offer you the event that you are expecting, attending to all your wishes and requests.\" \/>\n<meta name=\"robots\" content=\"index, follow, max-snippet:-1, max-image-preview:large, max-video-preview:-1\" \/>\n<link rel=\"canonical\" href=\"https:\/\/eventsbyhelena.com\/services\/\" \/>\n<meta property=\"og:locale\" content=\"fr_FR\" \/>\n<meta property=\"og:type\" content=\"article\" \/>\n<meta property=\"og:title\" content=\"Services | Weddings and Honeymoons by Helena\" \/>\n<meta property=\"og:description\" content=\"Weddings and Honeymoons by Helena will go the extra mile to offer you the event that you are expecting, attending to all your wishes and requests.\" \/>\n<meta property=\"og:url\" content=\"https:\/\/eventsbyhelena.com\/services\/\" \/>\n<meta property=\"og:site_name\" content=\"Events by Helena - Weddings and Honeymoons\" \/>\n<meta property=\"article:modified_time\" content=\"2019-12-05T02:22:03+00:00\" \/>\n<meta name=\"twitter:card\" content=\"summary_large_image\" \/>\n<meta name=\"twitter:label1\" content=\"Dur\u00e9e de lecture estim\u00e9e\" \/>\n\t<meta name=\"twitter:data1\" content=\"3 minutes\" \/>\n<script type=\"application\/ld+json\" class=\"yoast-schema-graph\">{\"@context\":\"https:\/\/schema.org\",\"@graph\":[{\"@type\":\"WebPage\",\"@id\":\"https:\/\/eventsbyhelena.com\/services\/\",\"url\":\"https:\/\/eventsbyhelena.com\/services\/\",\"name\":\"Services | Weddings and Honeymoons by Helena\",\"isPartOf\":{\"@id\":\"https:\/\/eventsbyhelena.com\/#website\"},\"datePublished\":\"2016-08-10T20:19:49+00:00\",\"dateModified\":\"2019-12-05T02:22:03+00:00\",\"description\":\"Weddings and Honeymoons by Helena will go the extra mile to offer you the event that you are expecting, attending to all your wishes and requests.\",\"breadcrumb\":{\"@id\":\"https:\/\/eventsbyhelena.com\/services\/#breadcrumb\"},\"inLanguage\":\"fr-FR\",\"potentialAction\":[{\"@type\":\"ReadAction\",\"target\":[\"https:\/\/eventsbyhelena.com\/services\/\"]}]},{\"@type\":\"BreadcrumbList\",\"@id\":\"https:\/\/eventsbyhelena.com\/services\/#breadcrumb\",\"itemListElement\":[{\"@type\":\"ListItem\",\"position\":1,\"name\":\"Home\",\"item\":\"https:\/\/eventsbyhelena.com\/\"},{\"@type\":\"ListItem\",\"position\":2,\"name\":\"Services\"}]},{\"@type\":\"WebSite\",\"@id\":\"https:\/\/eventsbyhelena.com\/#website\",\"url\":\"https:\/\/eventsbyhelena.com\/\",\"name\":\"Events by Helena - Weddings and Honeymoons\",\"description\":\"\",\"potentialAction\":[{\"@type\":\"SearchAction\",\"target\":{\"@type\":\"EntryPoint\",\"urlTemplate\":\"https:\/\/eventsbyhelena.com\/?s={search_term_string}\"},\"query-input\":{\"@type\":\"PropertyValueSpecification\",\"valueRequired\":true,\"valueName\":\"search_term_string\"}}],\"inLanguage\":\"fr-FR\"}]}<\/script>\n<!-- \/ Yoast SEO plugin. -->","yoast_head_json":{"title":"Services | Weddings and Honeymoons by Helena","description":"Weddings and Honeymoons by Helena will go the extra mile to offer you the event that you are expecting, attending to all your wishes and requests.","robots":{"index":"index","follow":"follow","max-snippet":"max-snippet:-1","max-image-preview":"max-image-preview:large","max-video-preview":"max-video-preview:-1"},"canonical":"https:\/\/eventsbyhelena.com\/services\/","og_locale":"fr_FR","og_type":"article","og_title":"Services | Weddings and Honeymoons by Helena","og_description":"Weddings and Honeymoons by Helena will go the extra mile to offer you the event that you are expecting, attending to all your wishes and requests.","og_url":"https:\/\/eventsbyhelena.com\/services\/","og_site_name":"Events by Helena - Weddings and Honeymoons","article_modified_time":"2019-12-05T02:22:03+00:00","twitter_card":"summary_large_image","twitter_misc":{"Dur\u00e9e de lecture estim\u00e9e":"3 minutes"},"schema":{"@context":"https:\/\/schema.org","@graph":[{"@type":"WebPage","@id":"https:\/\/eventsbyhelena.com\/services\/","url":"https:\/\/eventsbyhelena.com\/services\/","name":"Services | Weddings and Honeymoons by Helena","isPartOf":{"@id":"https:\/\/eventsbyhelena.com\/#website"},"datePublished":"2016-08-10T20:19:49+00:00","dateModified":"2019-12-05T02:22:03+00:00","description":"Weddings and Honeymoons by Helena will go the extra mile to offer you the event that you are expecting, attending to all your wishes and requests.","breadcrumb":{"@id":"https:\/\/eventsbyhelena.com\/services\/#breadcrumb"},"inLanguage":"fr-FR","potentialAction":[{"@type":"ReadAction","target":["https:\/\/eventsbyhelena.com\/services\/"]}]},{"@type":"BreadcrumbList","@id":"https:\/\/eventsbyhelena.com\/services\/#breadcrumb","itemListElement":[{"@type":"ListItem","position":1,"name":"Home","item":"https:\/\/eventsbyhelena.com\/"},{"@type":"ListItem","position":2,"name":"Services"}]},{"@type":"WebSite","@id":"https:\/\/eventsbyhelena.com\/#website","url":"https:\/\/eventsbyhelena.com\/","name":"Events by Helena - Weddings and Honeymoons","description":"","potentialAction":[{"@type":"SearchAction","target":{"@type":"EntryPoint","urlTemplate":"https:\/\/eventsbyhelena.com\/?s={search_term_string}"},"query-input":{"@type":"PropertyValueSpecification","valueRequired":true,"valueName":"search_term_string"}}],"inLanguage":"fr-FR"}]}},"_links":{"self":[{"href":"https:\/\/eventsbyhelena.com\/fr\/wp-json\/wp\/v2\/pages\/7","targetHints":{"allow":["GET"]}}],"collection":[{"href":"https:\/\/eventsbyhelena.com\/fr\/wp-json\/wp\/v2\/pages"}],"about":[{"href":"https:\/\/eventsbyhelena.com\/fr\/wp-json\/wp\/v2\/types\/page"}],"author":[{"embeddable":true,"href":"https:\/\/eventsbyhelena.com\/fr\/wp-json\/wp\/v2\/users\/3"}],"replies":[{"embeddable":true,"href":"https:\/\/eventsbyhelena.com\/fr\/wp-json\/wp\/v2\/comments?post=7"}],"version-history":[{"count":6,"href":"https:\/\/eventsbyhelena.com\/fr\/wp-json\/wp\/v2\/pages\/7\/revisions"}],"predecessor-version":[{"id":1335,"href":"https:\/\/eventsbyhelena.com\/fr\/wp-json\/wp\/v2\/pages\/7\/revisions\/1335"}],"wp:attachment":[{"href":"https:\/\/eventsbyhelena.com\/fr\/wp-json\/wp\/v2\/media?parent=7"}],"curies":[{"name":"wp","href":"https:\/\/api.w.org\/{rel}","templated":true}]}}